{"id":390,"date":"2012-03-07T14:10:20","date_gmt":"2012-03-07T14:10:20","guid":{"rendered":"http:\/\/statesidealloys.com\/valves\/?page_id=390"},"modified":"2012-11-25T03:16:58","modified_gmt":"2012-11-25T03:16:58","slug":"contact-us","status":"publish","type":"page","link":"https:\/\/statesidealloys.com\/valves\/contact-us\/","title":{"rendered":"Contact Us"},"content":{"rendered":"<table style=\"border-color: initial; border-image: initial; width: 100%; border-width: 0px; border-style: none;\" border=\"0\" cellspacing=\"0\" cellpadding=\"0\" align=\"center\">\n<tbody>\n<tr>\n<td style=\"border: none; vertical-align: top; width: 50%; text-align: left;\"><strong><span style=\"font-size: x-large;\">Stateside Alloys, Inc.<\/span><br \/>\n<\/strong><strong><span style=\"font-size: medium;\">2210 Congress <\/span><\/strong><strong><span style=\"font-size: medium;\">Houston, TX 77003, USA<\/span><\/strong><strong><span style=\"font-size: medium;\"> sales@stateside.net<\/span><\/strong><\/p>\n<p>[contact-form-7 id=&#8221;495&#8243; title=&#8221;Contact form 1&#8243;]<\/td>\n<td style=\"border: none; vertical-align: top; text-align: right; width: 50%;\"><span style=\"font-size: medium;\"><strong>Tel: 713-229-\u00d8\u00d81\u00d8<br \/>\nFax: 713-236-8258<br \/>\nToll Free: 8\u00d8\u00d8-3\u00d87-8258<br \/>\n(8\u00d8\u00d8-F<strong>\u00d8<\/strong>R VALVE)<br \/>\n<\/strong><\/span><img loading=\"lazy\" decoding=\"async\" class=\"size-medium wp-image-694 alignright\" title=\"oil-pipeline-valve\" src=\"https:\/\/statesidealloys.com\/valves\/wp-content\/uploads\/2012\/03\/oil-pipeline-valve-124x300.jpg\" alt=\"Gate Valve\" width=\"124\" height=\"300\" srcset=\"https:\/\/statesidealloys.com\/valves\/wp-content\/uploads\/2012\/03\/oil-pipeline-valve-124x300.jpg 124w, https:\/\/statesidealloys.com\/valves\/wp-content\/uploads\/2012\/03\/oil-pipeline-valve.jpg 300w\" sizes=\"auto, (max-width: 124px) 100vw, 124px\" \/><\/td>\n<\/tr>\n<\/tbody>\n<\/table>\n","protected":false},"excerpt":{"rendered":"<p>Stateside Alloys, Inc. 2210 Congress Houston, TX 77003, USA sales@stateside.net [contact-form-7 id=&#8221;495&#8243; title=&#8221;Contact form 1&#8243;] Tel: 713-229-\u00d8\u00d81\u00d8 Fax: 713-236-8258 Toll Free: 8\u00d8\u00d8-3\u00d87-8258 (8\u00d8\u00d8-F\u00d8R VALVE)<\/p>\n","protected":false},"author":1,"featured_media":0,"parent":0,"menu_order":0,"comment_status":"closed","ping_status":"closed","template":"","meta":{"footnotes":""},"class_list":["post-390","page","type-page","status-publish","hentry"],"_links":{"self":[{"href":"https:\/\/statesidealloys.com\/valves\/wp-json\/wp\/v2\/pages\/390","targetHints":{"allow":["GET"]}}],"collection":[{"href":"https:\/\/statesidealloys.com\/valves\/wp-json\/wp\/v2\/pages"}],"about":[{"href":"https:\/\/statesidealloys.com\/valves\/wp-json\/wp\/v2\/types\/page"}],"author":[{"embeddable":true,"href":"https:\/\/statesidealloys.com\/valves\/wp-json\/wp\/v2\/users\/1"}],"replies":[{"embeddable":true,"href":"https:\/\/statesidealloys.com\/valves\/wp-json\/wp\/v2\/comments?post=390"}],"version-history":[{"count":25,"href":"https:\/\/statesidealloys.com\/valves\/wp-json\/wp\/v2\/pages\/390\/revisions"}],"predecessor-version":[{"id":704,"href":"https:\/\/statesidealloys.com\/valves\/wp-json\/wp\/v2\/pages\/390\/revisions\/704"}],"wp:attachment":[{"href":"https:\/\/statesidealloys.com\/valves\/wp-json\/wp\/v2\/media?parent=390"}],"curies":[{"name":"wp","href":"https:\/\/api.w.org\/{rel}","templated":true}]}}